{"id":2524,"date":"2023-11-29T16:55:23","date_gmt":"2023-11-29T16:55:23","guid":{"rendered":"https:\/\/www.salmoss.com\/?page_id=2524"},"modified":"2025-02-14T15:34:39","modified_gmt":"2025-02-14T15:34:39","slug":"francisco-munoz","status":"publish","type":"page","link":"https:\/\/www.salmoss.com\/es\/francisco-munoz\/","title":{"rendered":"Francisco Mu\u00f1oz"},"content":{"rendered":"<div data-elementor-type=\"wp-page\" data-elementor-id=\"2524\" class=\"elementor elementor-2524\">\n\t\t\t\t\t\t<section class=\"has_eae_slider elementor-section elementor-top-section elementor-element elementor-element-3447f83 elementor-section-height-min-height elementor-section-boxed elementor-section-height-default elementor-section-items-middle\" data-eae-slider=\"60789\" data-id=\"3447f83\" data-element_type=\"section\" data-settings=\"{&quot;background_background&quot;:&quot;classic&quot;}\">\n\t\t\t\t\t\t<div class=\"elementor-container elementor-column-gap-default\">\n\t\t\t\t\t<div class=\"has_eae_slider elementor-column elementor-col-100 elementor-top-column elementor-element elementor-element-b3a35f8\" data-eae-slider=\"40811\" data-id=\"b3a35f8\" data-element_type=\"column\">\n\t\t\t<div class=\"elementor-widget-wrap elementor-element-populated\">\n\t\t\t\t\t\t<div class=\"elementor-element elementor-element-32eb271 elementor-widget elementor-widget-heading\" data-id=\"32eb271\" data-element_type=\"widget\" data-widget_type=\"heading.default\">\n\t\t\t\t<div class=\"elementor-widget-container\">\n\t\t\t\t\t<h1 class=\"elementor-heading-title elementor-size-default\">Equipo SALMOSS<\/h1>\t\t\t\t<\/div>\n\t\t\t\t<\/div>\n\t\t\t\t\t<\/div>\n\t\t<\/div>\n\t\t\t\t\t<\/div>\n\t\t<\/section>\n\t\t<div class=\"has_eae_slider elementor-element elementor-element-50d98d3 e-flex e-con-boxed e-con e-parent\" data-eae-slider=\"37233\" data-id=\"50d98d3\" data-element_type=\"container\">\n\t\t\t\t\t<div class=\"e-con-inner\">\n\t\t\t\t<div class=\"elementor-element elementor-element-ab52e16 elementor-widget elementor-widget-spacer\" data-id=\"ab52e16\" data-element_type=\"widget\" data-widget_type=\"spacer.default\">\n\t\t\t\t<div class=\"elementor-widget-container\">\n\t\t\t\t\t\t\t<div class=\"elementor-spacer\">\n\t\t\t<div class=\"elementor-spacer-inner\"><\/div>\n\t\t<\/div>\n\t\t\t\t\t\t<\/div>\n\t\t\t\t<\/div>\n\t\t\t\t<div class=\"elementor-element elementor-element-5e2f432 elementor-widget elementor-widget-image\" data-id=\"5e2f432\" data-element_type=\"widget\" data-widget_type=\"image.default\">\n\t\t\t\t<div class=\"elementor-widget-container\">\n\t\t\t\t\t\t\t\t\t\t\t\t\t\t\t<img decoding=\"async\" src=\"https:\/\/www.salmoss.com\/wp-content\/uploads\/elementor\/thumbs\/F.Munoz2_-qfr0qdl2bhb2ih1pk0ndyw2cc6u7yqrxdnyncdvuai.jpg\" title=\"F.Munoz2\" alt=\"F.Munoz2\" loading=\"lazy\" \/>\t\t\t\t\t\t\t\t\t\t\t\t\t\t\t<\/div>\n\t\t\t\t<\/div>\n\t\t\t\t<div class=\"elementor-element elementor-element-fafc6b0 elementor-widget elementor-widget-heading\" data-id=\"fafc6b0\" data-element_type=\"widget\" data-widget_type=\"heading.default\">\n\t\t\t\t<div class=\"elementor-widget-container\">\n\t\t\t\t\t<h2 class=\"elementor-heading-title elementor-size-default\">Francisco Mu\u00f1oz<\/h2>\t\t\t\t<\/div>\n\t\t\t\t<\/div>\n\t\t\t\t<div class=\"elementor-element elementor-element-6a91707 elementor-widget elementor-widget-heading\" data-id=\"6a91707\" data-element_type=\"widget\" data-widget_type=\"heading.default\">\n\t\t\t\t<div class=\"elementor-widget-container\">\n\t\t\t\t\t<h3 class=\"elementor-heading-title elementor-size-default\">CCO and Co-Founder<\/h3>\t\t\t\t<\/div>\n\t\t\t\t<\/div>\n\t\t\t\t<div class=\"elementor-element elementor-element-1847728 elementor-widget elementor-widget-text-editor\" data-id=\"1847728\" data-element_type=\"widget\" data-widget_type=\"text-editor.default\">\n\t\t\t\t<div class=\"elementor-widget-container\">\n\t\t\t\t\t\t\t\t\t<p>El Dr. Francisco Mu\u00f1oz Thomson, DDS, PhD, es un odont\u00f3logo con una pasi\u00f3n por brindar atenci\u00f3n oral integral centrada en el paciente. Con una amplia experiencia y comprometido por estar actualizado en los avances en el campo de la Cirug\u00eda Oral, el Dr. Mu\u00f1oz es reconocido por su experiencia en cirug\u00eda dentoalveolar, t\u00e9cnicas de remodelaci\u00f3n \u00f3sea y ortodoncia osteog\u00e9nica acelerada quir\u00fargicamente.<\/p><p>Su dedicaci\u00f3n para mejorar el rendimiento de t\u00e9cnicas de vanguardia lo llev\u00f3 a crear un nuevo biomaterial osteoconductor llamado Salmoss, que mejorar\u00e1 la vida de los pacientes que requieren soluciones accesibles en el exigente campo de los procedimientos reconstructivos \u00f3seos.<\/p><p><b>Educaci\u00f3n y Credenciales: <\/b><br \/>\u2022 Licenciado en Odontolog\u00eda (DDS) - Universidad de Chile, Santiago, 1995 <br \/>\u2022 Certificado en Cirug\u00eda Bucal por la Corporaci\u00f3n Nacional de Especialidades Dentales (CONACEO), Santiago, Chile, 2003 <br \/>\u2022 Beca en Cirug\u00eda Oral y Maxilofacial - Universidad de Kyushu, Jap\u00f3n, 2004 <br \/>\u2022 Diploma en Educaci\u00f3n en Ciencias de la Salud - Universidad de los Andes, Santiago, Chile, 2019 <br \/>\u2022 Doctorado en Ciencias de la Salud - Universidad Internacional de Catalu\u00f1a, Barcelona, Espa\u00f1a, 2023 <br \/>\u2022 Miembro activo de la Asociaci\u00f3n Internacional de Cirug\u00eda Oral y Maxilofacial (IAOMS)<\/p><p><b>Aspectos Destacados de su Carrera:<br \/><\/b><b><\/b>\u00a0Experiencia Quir\u00fargica:\u00a0<span style=\"font-family: var(--global-body-font-family);\">El Dr. Mu\u00f1oz se especializa en cirug\u00eda bucal, centr\u00e1ndose en el \u00e1rea de la remodelaci\u00f3n \u00f3sea. Sobresale en t\u00e9cnicas quir\u00fargicas que aceleran el movimiento ortod\u00f3ntico, proporcionando una variedad de soluciones tanto para casos b\u00e1sicos como complejos.<\/span><\/p><p>Antecedentes Acad\u00e9micos: Con una pasi\u00f3n por ense\u00f1ar su especialidad, el Dr. Mu\u00f1oz ha dedicado los \u00faltimos 18 a\u00f1os de su vida a la educaci\u00f3n de 14 generaciones de dentistas generales y 5 generaciones de cirujanos bucales y maxilofaciales en la Universidad de los Andes en Santiago, Chile.<\/p><p>Investigaci\u00f3n: El Dr. Mu\u00f1oz se caracteriza por su compromiso de buscar nuevas soluciones para los problemas cl\u00ednicos cotidianos. Su tesis doctoral se centr\u00f3 en la creaci\u00f3n de un nuevo material osteoconductor sin las limitaciones que presentaban las soluciones preexistentes. Como resultado de esto, surgi\u00f3 Salmoss que pretende ser el primero de un completo portafolio de productos para la ingenier\u00eda tisular.<\/p><p>Filosof\u00eda: El Dr. Francisco Mu\u00f1oz Thomson cree en la integraci\u00f3n de tratamientos quir\u00fargicos con soluciones basadas en la ciencia. Est\u00e1 comprometido a mejorar la calidad de vida de sus pacientes brindando atenci\u00f3n quir\u00fargica excepcional y tratamientos orientados de manera individualizada. Su enfoque centrado en el paciente, combinado con una pasi\u00f3n por las t\u00e9cnicas de vanguardia, le ha permitido crear una pr\u00e1ctica din\u00e1mica con \u00e9nfasis en la innovaci\u00f3n y la tecnolog\u00eda.<\/p>\t\t\t\t\t\t\t\t<\/div>\n\t\t\t\t<\/div>\n\t\t\t\t<div class=\"elementor-element elementor-element-4033e44 elementor-widget elementor-widget-spacer\" data-id=\"4033e44\" data-element_type=\"widget\" data-widget_type=\"spacer.default\">\n\t\t\t\t<div class=\"elementor-widget-container\">\n\t\t\t\t\t\t\t<div class=\"elementor-spacer\">\n\t\t\t<div class=\"elementor-spacer-inner\"><\/div>\n\t\t<\/div>\n\t\t\t\t\t\t<\/div>\n\t\t\t\t<\/div>\n\t\t\t\t\t<\/div>\n\t\t\t\t<\/div>\n\t\t\t\t<section class=\"has_eae_slider elementor-section elementor-top-section elementor-element elementor-element-6ea1095 elementor-section-boxed elementor-section-height-default elementor-section-height-default\" data-eae-slider=\"53331\" data-id=\"6ea1095\" data-element_type=\"section\" data-settings=\"{&quot;background_background&quot;:&quot;classic&quot;}\">\n\t\t\t\t\t\t\t<div class=\"elementor-background-overlay\"><\/div>\n\t\t\t\t\t\t\t<div class=\"elementor-container elementor-column-gap-wide\">\n\t\t\t\t\t<div class=\"has_eae_slider elementor-column elementor-col-33 elementor-top-column elementor-element elementor-element-01ec86a\" data-eae-slider=\"3221\" data-id=\"01ec86a\" data-element_type=\"column\">\n\t\t\t<div class=\"elementor-widget-wrap elementor-element-populated\">\n\t\t\t\t\t\t<div class=\"elementor-element elementor-element-38851ca elementor-widget elementor-widget-heading\" data-id=\"38851ca\" data-element_type=\"widget\" data-widget_type=\"heading.default\">\n\t\t\t\t<div class=\"elementor-widget-container\">\n\t\t\t\t\t<h2 class=\"elementor-heading-title elementor-size-default\">SALMOSS Biotech<\/h2>\t\t\t\t<\/div>\n\t\t\t\t<\/div>\n\t\t\t\t<div class=\"elementor-element elementor-element-7ed97a8 elementor-widget elementor-widget-text-editor\" data-id=\"7ed97a8\" data-element_type=\"widget\" data-widget_type=\"text-editor.default\">\n\t\t\t\t<div class=\"elementor-widget-container\">\n\t\t\t\t\t\t\t\t\t<p>Aprovechamos el poder de la ciencia para transformar ideas en soluciones, creando un impacto positivo en la salud mundial y contribuyendo a un futuro sostenible.<\/p>\t\t\t\t\t\t\t\t<\/div>\n\t\t\t\t<\/div>\n\t\t\t\t<div class=\"elementor-element elementor-element-2fcfb6d elementor-icon-list--layout-traditional elementor-list-item-link-full_width elementor-widget elementor-widget-icon-list\" data-id=\"2fcfb6d\" data-element_type=\"widget\" data-widget_type=\"icon-list.default\">\n\t\t\t\t<div class=\"elementor-widget-container\">\n\t\t\t\t\t\t\t<ul class=\"elementor-icon-list-items\">\n\t\t\t\t\t\t\t<li class=\"elementor-icon-list-item\">\n\t\t\t\t\t\t\t\t\t\t\t<span class=\"elementor-icon-list-icon\">\n\t\t\t\t\t\t\t<svg aria-hidden=\"true\" class=\"e-font-icon-svg e-fas-envelope\" viewbox=\"0 0 512 512\" xmlns=\"http:\/\/www.w3.org\/2000\/svg\"><path d=\"M502.3 190.8c3.9-3.1 9.7-.2 9.7 4.7V400c0 26.5-21.5 48-48 48H48c-26.5 0-48-21.5-48-48V195.6c0-5 5.7-7.8 9.7-4.7 22.4 17.4 52.1 39.5 154.1 113.6 21.1 15.4 56.7 47.8 92.2 47.6 35.7.3 72-32.8 92.3-47.6 102-74.1 131.6-96.3 154-113.7zM256 320c23.2.4 56.6-29.2 73.4-41.4 132.7-96.3 142.8-104.7 173.4-128.7 5.8-4.5 9.2-11.5 9.2-18.9v-19c0-26.5-21.5-48-48-48H48C21.5 64 0 85.5 0 112v19c0 7.4 3.4 14.3 9.2 18.9 30.6 23.9 40.7 32.4 173.4 128.7 16.8 12.2 50.2 41.8 73.4 41.4z\"><\/path><\/svg>\t\t\t\t\t\t<\/span>\n\t\t\t\t\t\t\t\t\t\t<span class=\"elementor-icon-list-text\">contact@salmoss.com<\/span>\n\t\t\t\t\t\t\t\t\t<\/li>\n\t\t\t\t\t\t<\/ul>\n\t\t\t\t\t\t<\/div>\n\t\t\t\t<\/div>\n\t\t\t\t\t<\/div>\n\t\t<\/div>\n\t\t\t\t<div class=\"has_eae_slider elementor-column elementor-col-33 elementor-top-column elementor-element elementor-element-3077aac\" data-eae-slider=\"9042\" data-id=\"3077aac\" data-element_type=\"column\">\n\t\t\t<div class=\"elementor-widget-wrap elementor-element-populated\">\n\t\t\t\t\t\t<div class=\"elementor-element elementor-element-8361eb3 elementor-widget elementor-widget-image\" data-id=\"8361eb3\" data-element_type=\"widget\" data-widget_type=\"image.default\">\n\t\t\t\t<div class=\"elementor-widget-container\">\n\t\t\t\t\t\t\t\t\t\t\t\t\t\t\t<img fetchpriority=\"high\" decoding=\"async\" width=\"300\" height=\"239\" src=\"https:\/\/www.salmoss.com\/wp-content\/uploads\/2024\/01\/Logo-Salmoss-isotipo-300x239.png\" class=\"attachment-medium size-medium wp-image-2809\" alt=\"\" srcset=\"https:\/\/www.salmoss.com\/wp-content\/uploads\/2024\/01\/Logo-Salmoss-isotipo-300x239.png 300w, https:\/\/www.salmoss.com\/wp-content\/uploads\/2024\/01\/Logo-Salmoss-isotipo-768x611.png 768w, https:\/\/www.salmoss.com\/wp-content\/uploads\/2024\/01\/Logo-Salmoss-isotipo.png 968w\" sizes=\"(max-width: 300px) 100vw, 300px\" \/>\t\t\t\t\t\t\t\t\t\t\t\t\t\t\t<\/div>\n\t\t\t\t<\/div>\n\t\t\t\t\t<\/div>\n\t\t<\/div>\n\t\t\t\t<div class=\"has_eae_slider elementor-column elementor-col-33 elementor-top-column elementor-element elementor-element-4f5b87f\" data-eae-slider=\"38334\" data-id=\"4f5b87f\" data-element_type=\"column\">\n\t\t\t<div class=\"elementor-widget-wrap elementor-element-populated\">\n\t\t\t\t\t\t<div class=\"elementor-element elementor-element-83196e9 elementor-widget elementor-widget-heading\" data-id=\"83196e9\" data-element_type=\"widget\" data-widget_type=\"heading.default\">\n\t\t\t\t<div class=\"elementor-widget-container\">\n\t\t\t\t\t<h2 class=\"elementor-heading-title elementor-size-default\">Links Directos<\/h2>\t\t\t\t<\/div>\n\t\t\t\t<\/div>\n\t\t\t\t<div class=\"elementor-element elementor-element-814ac09 elementor-widget elementor-widget-heading\" data-id=\"814ac09\" data-element_type=\"widget\" data-widget_type=\"heading.default\">\n\t\t\t\t<div class=\"elementor-widget-container\">\n\t\t\t\t\t<p class=\"elementor-heading-title elementor-size-default\"><a href=\"https:\/\/www.salmoss.com\/about\/\">Nosotros<\/a><\/p>\t\t\t\t<\/div>\n\t\t\t\t<\/div>\n\t\t\t\t<div class=\"elementor-element elementor-element-e10f9fc elementor-widget elementor-widget-heading\" data-id=\"e10f9fc\" data-element_type=\"widget\" data-widget_type=\"heading.default\">\n\t\t\t\t<div class=\"elementor-widget-container\">\n\t\t\t\t\t<p class=\"elementor-heading-title elementor-size-default\"><a href=\"https:\/\/www.salmoss.com\/services\/\">Desarrollo de Productos<\/a><\/p>\t\t\t\t<\/div>\n\t\t\t\t<\/div>\n\t\t\t\t<div class=\"elementor-element elementor-element-6f84321 elementor-widget elementor-widget-heading\" data-id=\"6f84321\" data-element_type=\"widget\" data-widget_type=\"heading.default\">\n\t\t\t\t<div class=\"elementor-widget-container\">\n\t\t\t\t\t<p class=\"elementor-heading-title elementor-size-default\"><a href=\"https:\/\/www.salmoss.com\/team\/\">Fundaci\u00f3n<\/a><\/p>\t\t\t\t<\/div>\n\t\t\t\t<\/div>\n\t\t\t\t<div class=\"elementor-element elementor-element-c06ca09 elementor-widget elementor-widget-heading\" data-id=\"c06ca09\" data-element_type=\"widget\" data-widget_type=\"heading.default\">\n\t\t\t\t<div class=\"elementor-widget-container\">\n\t\t\t\t\t<p class=\"elementor-heading-title elementor-size-default\"><a href=\"https:\/\/www.salmoss.com\/contact\/\">Cont\u00e1ctenos<\/a><\/p>\t\t\t\t<\/div>\n\t\t\t\t<\/div>\n\t\t\t\t\t<\/div>\n\t\t<\/div>\n\t\t\t\t\t<\/div>\n\t\t<\/section>\n\t\t\t\t<\/div>","protected":false},"excerpt":{"rendered":"<p>SALMOSS Team Francisco Mu\u00f1oz CCO and Co-Founder Dr. Francisco Mu\u00f1oz Thomson, DDS, PhD, is a dentist with a passion for providing comprehensive, patient-centered oral care. With extensive experience and committed to being up-to-date on advances in the field of Oral Surgery, Dr. Mu\u00f1oz is recognized for his expertise in dentoalveolar surgery, bone remodeling techniques, and&#8230;<\/p>","protected":false},"author":1,"featured_media":0,"parent":0,"menu_order":0,"comment_status":"closed","ping_status":"closed","template":"elementor_header_footer","meta":{"_monsterinsights_skip_tracking":false,"_monsterinsights_sitenote_active":false,"_monsterinsights_sitenote_note":"","_monsterinsights_sitenote_category":0,"_kad_post_transparent":"","_kad_post_title":"hide","_kad_post_layout":"fullwidth","_kad_post_sidebar_id":"","_kad_post_content_style":"unboxed","_kad_post_vertical_padding":"hide","_kad_post_feature":"hide","_kad_post_feature_position":"","_kad_post_header":false,"_kad_post_footer":false,"footnotes":""},"class_list":["post-2524","page","type-page","status-publish","hentry"],"aioseo_notices":[],"_links":{"self":[{"href":"https:\/\/www.salmoss.com\/es\/wp-json\/wp\/v2\/pages\/2524","targetHints":{"allow":["GET"]}}],"collection":[{"href":"https:\/\/www.salmoss.com\/es\/wp-json\/wp\/v2\/pages"}],"about":[{"href":"https:\/\/www.salmoss.com\/es\/wp-json\/wp\/v2\/types\/page"}],"author":[{"embeddable":true,"href":"https:\/\/www.salmoss.com\/es\/wp-json\/wp\/v2\/users\/1"}],"replies":[{"embeddable":true,"href":"https:\/\/www.salmoss.com\/es\/wp-json\/wp\/v2\/comments?post=2524"}],"version-history":[{"count":10,"href":"https:\/\/www.salmoss.com\/es\/wp-json\/wp\/v2\/pages\/2524\/revisions"}],"predecessor-version":[{"id":3585,"href":"https:\/\/www.salmoss.com\/es\/wp-json\/wp\/v2\/pages\/2524\/revisions\/3585"}],"wp:attachment":[{"href":"https:\/\/www.salmoss.com\/es\/wp-json\/wp\/v2\/media?parent=2524"}],"curies":[{"name":"wp","href":"https:\/\/api.w.org\/{rel}","templated":true}]}}