{"id":3412,"date":"2024-02-07T02:54:51","date_gmt":"2024-02-07T02:54:51","guid":{"rendered":"https:\/\/www.salmoss.com\/?page_id=3412"},"modified":"2024-02-07T03:16:25","modified_gmt":"2024-02-07T03:16:25","slug":"mt-garcia","status":"publish","type":"page","link":"https:\/\/www.salmoss.com\/es\/mt-garcia\/","title":{"rendered":"Maria Jose Garcia"},"content":{"rendered":"<div data-elementor-type=\"wp-page\" data-elementor-id=\"3412\" class=\"elementor elementor-3412\">\n\t\t\t\t\t\t<section class=\"has_eae_slider elementor-section elementor-top-section elementor-element elementor-element-3447f83 elementor-section-height-min-height elementor-section-boxed elementor-section-height-default elementor-section-items-middle\" data-eae-slider=\"31056\" data-id=\"3447f83\" data-element_type=\"section\" data-settings=\"{&quot;background_background&quot;:&quot;classic&quot;}\">\n\t\t\t\t\t\t<div class=\"elementor-container elementor-column-gap-default\">\n\t\t\t\t\t<div class=\"has_eae_slider elementor-column elementor-col-100 elementor-top-column elementor-element elementor-element-b3a35f8\" data-eae-slider=\"39624\" data-id=\"b3a35f8\" data-element_type=\"column\">\n\t\t\t<div class=\"elementor-widget-wrap elementor-element-populated\">\n\t\t\t\t\t\t<div class=\"elementor-element elementor-element-32eb271 elementor-widget elementor-widget-heading\" data-id=\"32eb271\" data-element_type=\"widget\" data-widget_type=\"heading.default\">\n\t\t\t\t<div class=\"elementor-widget-container\">\n\t\t\t\t\t<h1 class=\"elementor-heading-title elementor-size-default\">Equipo SALMOSS<\/h1>\t\t\t\t<\/div>\n\t\t\t\t<\/div>\n\t\t\t\t\t<\/div>\n\t\t<\/div>\n\t\t\t\t\t<\/div>\n\t\t<\/section>\n\t\t<div class=\"has_eae_slider elementor-element elementor-element-50d98d3 e-flex e-con-boxed e-con e-parent\" data-eae-slider=\"68253\" data-id=\"50d98d3\" data-element_type=\"container\">\n\t\t\t\t\t<div class=\"e-con-inner\">\n\t\t\t\t<div class=\"elementor-element elementor-element-ab52e16 elementor-widget elementor-widget-spacer\" data-id=\"ab52e16\" data-element_type=\"widget\" data-widget_type=\"spacer.default\">\n\t\t\t\t<div class=\"elementor-widget-container\">\n\t\t\t\t\t\t\t<div class=\"elementor-spacer\">\n\t\t\t<div class=\"elementor-spacer-inner\"><\/div>\n\t\t<\/div>\n\t\t\t\t\t\t<\/div>\n\t\t\t\t<\/div>\n\t\t\t\t<div class=\"elementor-element elementor-element-49ef313 elementor-widget elementor-widget-image\" data-id=\"49ef313\" data-element_type=\"widget\" data-widget_type=\"image.default\">\n\t\t\t\t<div class=\"elementor-widget-container\">\n\t\t\t\t\t\t\t\t\t\t\t\t\t\t\t<img decoding=\"async\" src=\"https:\/\/www.salmoss.com\/wp-content\/uploads\/elementor\/thumbs\/MT.Garcia-qjftuec6qsn1yf43iudvc03tjx5xa1bt0o7mgttamy.jpg\" title=\"MT.Garcia\" alt=\"MT.Garcia\" loading=\"lazy\" \/>\t\t\t\t\t\t\t\t\t\t\t\t\t\t\t<\/div>\n\t\t\t\t<\/div>\n\t\t\t\t<div class=\"elementor-element elementor-element-cf31782 elementor-widget elementor-widget-heading\" data-id=\"cf31782\" data-element_type=\"widget\" data-widget_type=\"heading.default\">\n\t\t\t\t<div class=\"elementor-widget-container\">\n\t\t\t\t\t<h2 class=\"elementor-heading-title elementor-size-default\"><a href=\"https:\/\/www.salmoss.com\/es\/mt-garcia\/\">Mar\u00eda Jos\u00e9 Garc\u00eda<\/a><\/h2>\t\t\t\t<\/div>\n\t\t\t\t<\/div>\n\t\t\t\t<div class=\"elementor-element elementor-element-f6818d1 elementor-widget elementor-widget-text-editor\" data-id=\"f6818d1\" data-element_type=\"widget\" data-widget_type=\"text-editor.default\">\n\t\t\t\t<div class=\"elementor-widget-container\">\n\t\t\t\t\t\t\t\t\t<p class=\"p1\">La Dra. Mar\u00eda Jos\u00e9 Garc\u00eda, DDS, destacada profesional de la Odontolog\u00eda, cuenta con una s\u00f3lida formaci\u00f3n acad\u00e9mica y un enfoque pionero en la investigaci\u00f3n biom\u00e9dica. Egresada de la Universidad de los Andes en 2021, obtuvo su t\u00edtulo con una innovadora tesis sobre la \"Caracterizaci\u00f3n de un material osteoconductor a base de esqueleto de salm\u00f3n\", resaltando su enfoque creativo en el campo de la odontolog\u00eda.<\/p><p class=\"p1\">Su compromiso con la innovaci\u00f3n es evidente en la realizaci\u00f3n de Diplomados en Implantolog\u00eda Quir\u00fargica y Prot\u00e9sica, as\u00ed como en Anatom\u00eda de Cabeza y Cuello. La Dra. Garc\u00eda ha perfeccionado sus habilidades cl\u00ednicas a trav\u00e9s de estad\u00edas hospitalarias en el Hospital San Jos\u00e9, Hospital de Urgencias Asistencia P\u00fablica y una enriquecedora pasant\u00eda en el Hospital Universitario de la Universidad Internacional de Catalu\u00f1a. Como l\u00edder a la vanguardia de la investigaci\u00f3n biom\u00e9dica, destaca en su rol de Coordinadora de Campo en el proyecto de investigaci\u00f3n CORFO - BioPrel del 2020 al 2023, donde su dedicaci\u00f3n demostr\u00f3 un compromiso dedicado a la excelencia y la evoluci\u00f3n de las pr\u00e1cticas odontol\u00f3gicas avanzadas. <br \/><br \/>En la Dra. Garc\u00eda convergen una s\u00f3lida educaci\u00f3n, experiencia cl\u00ednica innovadora y una contribuci\u00f3n activa a la investigaci\u00f3n, posicion\u00e1ndola como una l\u00edder en odontolog\u00eda y el avance de las pr\u00e1cticas biom\u00e9dicas.<\/p>\t\t\t\t\t\t\t\t<\/div>\n\t\t\t\t<\/div>\n\t\t\t\t<div class=\"elementor-element elementor-element-5689f3c elementor-widget elementor-widget-spacer\" data-id=\"5689f3c\" data-element_type=\"widget\" data-widget_type=\"spacer.default\">\n\t\t\t\t<div class=\"elementor-widget-container\">\n\t\t\t\t\t\t\t<div class=\"elementor-spacer\">\n\t\t\t<div class=\"elementor-spacer-inner\"><\/div>\n\t\t<\/div>\n\t\t\t\t\t\t<\/div>\n\t\t\t\t<\/div>\n\t\t\t\t\t<\/div>\n\t\t\t\t<\/div>\n\t\t\t\t<section class=\"has_eae_slider elementor-section elementor-top-section elementor-element elementor-element-b3fbf7e elementor-section-boxed elementor-section-height-default elementor-section-height-default\" data-eae-slider=\"37250\" data-id=\"b3fbf7e\" data-element_type=\"section\" data-settings=\"{&quot;background_background&quot;:&quot;classic&quot;}\">\n\t\t\t\t\t\t\t<div class=\"elementor-background-overlay\"><\/div>\n\t\t\t\t\t\t\t<div class=\"elementor-container elementor-column-gap-wide\">\n\t\t\t\t\t<div class=\"has_eae_slider elementor-column elementor-col-33 elementor-top-column elementor-element elementor-element-9ad5c4d\" data-eae-slider=\"87751\" data-id=\"9ad5c4d\" data-element_type=\"column\">\n\t\t\t<div class=\"elementor-widget-wrap elementor-element-populated\">\n\t\t\t\t\t\t<div class=\"elementor-element elementor-element-61e09a9 elementor-widget elementor-widget-heading\" data-id=\"61e09a9\" data-element_type=\"widget\" data-widget_type=\"heading.default\">\n\t\t\t\t<div class=\"elementor-widget-container\">\n\t\t\t\t\t<h2 class=\"elementor-heading-title elementor-size-default\">SALMOSS Biotech<\/h2>\t\t\t\t<\/div>\n\t\t\t\t<\/div>\n\t\t\t\t<div class=\"elementor-element elementor-element-6324a13 elementor-widget elementor-widget-text-editor\" data-id=\"6324a13\" data-element_type=\"widget\" data-widget_type=\"text-editor.default\">\n\t\t\t\t<div class=\"elementor-widget-container\">\n\t\t\t\t\t\t\t\t\t<p>Aprovechamos el poder de la ciencia para transformar ideas en soluciones, creando un impacto positivo en la salud mundial y contribuyendo a un futuro sostenible.<\/p>\t\t\t\t\t\t\t\t<\/div>\n\t\t\t\t<\/div>\n\t\t\t\t<div class=\"elementor-element elementor-element-e3efe7c elementor-icon-list--layout-traditional elementor-list-item-link-full_width elementor-widget elementor-widget-icon-list\" data-id=\"e3efe7c\" data-element_type=\"widget\" data-widget_type=\"icon-list.default\">\n\t\t\t\t<div class=\"elementor-widget-container\">\n\t\t\t\t\t\t\t<ul class=\"elementor-icon-list-items\">\n\t\t\t\t\t\t\t<li class=\"elementor-icon-list-item\">\n\t\t\t\t\t\t\t\t\t\t\t<span class=\"elementor-icon-list-icon\">\n\t\t\t\t\t\t\t<svg aria-hidden=\"true\" class=\"e-font-icon-svg e-fas-envelope\" viewbox=\"0 0 512 512\" xmlns=\"http:\/\/www.w3.org\/2000\/svg\"><path d=\"M502.3 190.8c3.9-3.1 9.7-.2 9.7 4.7V400c0 26.5-21.5 48-48 48H48c-26.5 0-48-21.5-48-48V195.6c0-5 5.7-7.8 9.7-4.7 22.4 17.4 52.1 39.5 154.1 113.6 21.1 15.4 56.7 47.8 92.2 47.6 35.7.3 72-32.8 92.3-47.6 102-74.1 131.6-96.3 154-113.7zM256 320c23.2.4 56.6-29.2 73.4-41.4 132.7-96.3 142.8-104.7 173.4-128.7 5.8-4.5 9.2-11.5 9.2-18.9v-19c0-26.5-21.5-48-48-48H48C21.5 64 0 85.5 0 112v19c0 7.4 3.4 14.3 9.2 18.9 30.6 23.9 40.7 32.4 173.4 128.7 16.8 12.2 50.2 41.8 73.4 41.4z\"><\/path><\/svg>\t\t\t\t\t\t<\/span>\n\t\t\t\t\t\t\t\t\t\t<span class=\"elementor-icon-list-text\">contact@salmoss.com<\/span>\n\t\t\t\t\t\t\t\t\t<\/li>\n\t\t\t\t\t\t<\/ul>\n\t\t\t\t\t\t<\/div>\n\t\t\t\t<\/div>\n\t\t\t\t\t<\/div>\n\t\t<\/div>\n\t\t\t\t<div class=\"has_eae_slider elementor-column elementor-col-33 elementor-top-column elementor-element elementor-element-bb660e7\" data-eae-slider=\"69453\" data-id=\"bb660e7\" data-element_type=\"column\">\n\t\t\t<div class=\"elementor-widget-wrap elementor-element-populated\">\n\t\t\t\t\t\t<div class=\"elementor-element elementor-element-560a261 elementor-widget elementor-widget-image\" data-id=\"560a261\" data-element_type=\"widget\" data-widget_type=\"image.default\">\n\t\t\t\t<div class=\"elementor-widget-container\">\n\t\t\t\t\t\t\t\t\t\t\t\t\t\t\t<img fetchpriority=\"high\" decoding=\"async\" width=\"300\" height=\"239\" src=\"https:\/\/www.salmoss.com\/wp-content\/uploads\/2024\/01\/Logo-Salmoss-isotipo-300x239.png\" class=\"attachment-medium size-medium wp-image-2809\" alt=\"\" srcset=\"https:\/\/www.salmoss.com\/wp-content\/uploads\/2024\/01\/Logo-Salmoss-isotipo-300x239.png 300w, https:\/\/www.salmoss.com\/wp-content\/uploads\/2024\/01\/Logo-Salmoss-isotipo-768x611.png 768w, https:\/\/www.salmoss.com\/wp-content\/uploads\/2024\/01\/Logo-Salmoss-isotipo.png 968w\" sizes=\"(max-width: 300px) 100vw, 300px\" \/>\t\t\t\t\t\t\t\t\t\t\t\t\t\t\t<\/div>\n\t\t\t\t<\/div>\n\t\t\t\t\t<\/div>\n\t\t<\/div>\n\t\t\t\t<div class=\"has_eae_slider elementor-column elementor-col-33 elementor-top-column elementor-element elementor-element-5b70c36\" data-eae-slider=\"7076\" data-id=\"5b70c36\" data-element_type=\"column\">\n\t\t\t<div class=\"elementor-widget-wrap elementor-element-populated\">\n\t\t\t\t\t\t<div class=\"elementor-element elementor-element-b768f37 elementor-widget elementor-widget-heading\" data-id=\"b768f37\" data-element_type=\"widget\" data-widget_type=\"heading.default\">\n\t\t\t\t<div class=\"elementor-widget-container\">\n\t\t\t\t\t<h2 class=\"elementor-heading-title elementor-size-default\">Links Directos<\/h2>\t\t\t\t<\/div>\n\t\t\t\t<\/div>\n\t\t\t\t<div class=\"elementor-element elementor-element-7e905b2 elementor-widget elementor-widget-heading\" data-id=\"7e905b2\" data-element_type=\"widget\" data-widget_type=\"heading.default\">\n\t\t\t\t<div class=\"elementor-widget-container\">\n\t\t\t\t\t<p class=\"elementor-heading-title elementor-size-default\"><a href=\"https:\/\/www.salmoss.com\/about\/\">Nosotros<\/a><\/p>\t\t\t\t<\/div>\n\t\t\t\t<\/div>\n\t\t\t\t<div class=\"elementor-element elementor-element-a539e6d elementor-widget elementor-widget-heading\" data-id=\"a539e6d\" data-element_type=\"widget\" data-widget_type=\"heading.default\">\n\t\t\t\t<div class=\"elementor-widget-container\">\n\t\t\t\t\t<p class=\"elementor-heading-title elementor-size-default\"><a href=\"https:\/\/www.salmoss.com\/services\/\">Desarrollo de Productos<\/a><\/p>\t\t\t\t<\/div>\n\t\t\t\t<\/div>\n\t\t\t\t<div class=\"elementor-element elementor-element-2be91be elementor-widget elementor-widget-heading\" data-id=\"2be91be\" data-element_type=\"widget\" data-widget_type=\"heading.default\">\n\t\t\t\t<div class=\"elementor-widget-container\">\n\t\t\t\t\t<p class=\"elementor-heading-title elementor-size-default\"><a href=\"https:\/\/www.salmoss.com\/team\/\">Fundaci\u00f3n<\/a><\/p>\t\t\t\t<\/div>\n\t\t\t\t<\/div>\n\t\t\t\t<div class=\"elementor-element elementor-element-acff2e4 elementor-widget elementor-widget-heading\" data-id=\"acff2e4\" data-element_type=\"widget\" data-widget_type=\"heading.default\">\n\t\t\t\t<div class=\"elementor-widget-container\">\n\t\t\t\t\t<p class=\"elementor-heading-title elementor-size-default\"><a href=\"https:\/\/www.salmoss.com\/contact\/\">Cont\u00e1ctenos<\/a><\/p>\t\t\t\t<\/div>\n\t\t\t\t<\/div>\n\t\t\t\t\t<\/div>\n\t\t<\/div>\n\t\t\t\t\t<\/div>\n\t\t<\/section>\n\t\t\t\t<\/div>","protected":false},"excerpt":{"rendered":"<p>SALMOSS Team Mar\u00eda Jos\u00e9 Garc\u00eda Dr. Mar\u00eda Jos\u00e9 Garc\u00eda, DDS, stands out as a distinguished professional in Dentistry, characterized by a strong academic background and a pioneering focus on biomedical research. Graduating from the Universidad de los Andes in 2021, she earned her degree with an innovative thesis on the &#8220;Characterization of an Osteoconductive Material&#8230;<\/p>","protected":false},"author":1,"featured_media":0,"parent":0,"menu_order":0,"comment_status":"closed","ping_status":"closed","template":"elementor_header_footer","meta":{"_monsterinsights_skip_tracking":false,"_monsterinsights_sitenote_active":false,"_monsterinsights_sitenote_note":"","_monsterinsights_sitenote_category":0,"_kad_post_transparent":"","_kad_post_title":"hide","_kad_post_layout":"fullwidth","_kad_post_sidebar_id":"","_kad_post_content_style":"unboxed","_kad_post_vertical_padding":"hide","_kad_post_feature":"hide","_kad_post_feature_position":"","_kad_post_header":false,"_kad_post_footer":false,"footnotes":""},"class_list":["post-3412","page","type-page","status-publish","hentry"],"aioseo_notices":[],"_links":{"self":[{"href":"https:\/\/www.salmoss.com\/es\/wp-json\/wp\/v2\/pages\/3412","targetHints":{"allow":["GET"]}}],"collection":[{"href":"https:\/\/www.salmoss.com\/es\/wp-json\/wp\/v2\/pages"}],"about":[{"href":"https:\/\/www.salmoss.com\/es\/wp-json\/wp\/v2\/types\/page"}],"author":[{"embeddable":true,"href":"https:\/\/www.salmoss.com\/es\/wp-json\/wp\/v2\/users\/1"}],"replies":[{"embeddable":true,"href":"https:\/\/www.salmoss.com\/es\/wp-json\/wp\/v2\/comments?post=3412"}],"version-history":[{"count":10,"href":"https:\/\/www.salmoss.com\/es\/wp-json\/wp\/v2\/pages\/3412\/revisions"}],"predecessor-version":[{"id":3447,"href":"https:\/\/www.salmoss.com\/es\/wp-json\/wp\/v2\/pages\/3412\/revisions\/3447"}],"wp:attachment":[{"href":"https:\/\/www.salmoss.com\/es\/wp-json\/wp\/v2\/media?parent=3412"}],"curies":[{"name":"wp","href":"https:\/\/api.w.org\/{rel}","templated":true}]}}