{"id":3557,"date":"2025-02-13T18:48:41","date_gmt":"2025-02-13T18:48:41","guid":{"rendered":"https:\/\/www.salmoss.com\/?page_id=3557"},"modified":"2025-07-25T20:53:25","modified_gmt":"2025-07-25T20:53:25","slug":"haps-col","status":"publish","type":"page","link":"https:\/\/www.salmoss.com\/es\/haps-col\/","title":{"rendered":"HAPS-COL"},"content":{"rendered":"<div data-elementor-type=\"wp-page\" data-elementor-id=\"3557\" class=\"elementor elementor-3557\">\n\t\t\t\t\t\t<section class=\"has_eae_slider elementor-section elementor-top-section elementor-element elementor-element-6f57d69 elementor-section-height-min-height elementor-section-boxed elementor-section-height-default elementor-section-items-middle\" data-eae-slider=\"83218\" data-id=\"6f57d69\" data-element_type=\"section\" data-settings=\"{&quot;background_background&quot;:&quot;classic&quot;}\">\n\t\t\t\t\t\t<div class=\"elementor-container elementor-column-gap-default\">\n\t\t\t\t\t<div class=\"has_eae_slider elementor-column elementor-col-100 elementor-top-column elementor-element elementor-element-47228c7\" data-eae-slider=\"3065\" data-id=\"47228c7\" data-element_type=\"column\">\n\t\t\t<div class=\"elementor-widget-wrap elementor-element-populated\">\n\t\t\t\t\t\t<div class=\"elementor-element elementor-element-745baeb elementor-widget elementor-widget-heading\" data-id=\"745baeb\" data-element_type=\"widget\" data-widget_type=\"heading.default\">\n\t\t\t\t<div class=\"elementor-widget-container\">\n\t\t\t\t\t<h1 class=\"elementor-heading-title elementor-size-default\">DESARROLLO DE PRODUCTOS<\/h1>\t\t\t\t<\/div>\n\t\t\t\t<\/div>\n\t\t\t\t\t<\/div>\n\t\t<\/div>\n\t\t\t\t\t<\/div>\n\t\t<\/section>\n\t\t<div class=\"has_eae_slider elementor-element elementor-element-4aa26b0 e-flex e-con-boxed e-con e-parent\" data-eae-slider=\"38548\" data-id=\"4aa26b0\" data-element_type=\"container\">\n\t\t\t\t\t<div class=\"e-con-inner\">\n\t\t\t\t<div class=\"elementor-element elementor-element-79fb360 elementor-widget elementor-widget-spacer\" data-id=\"79fb360\" data-element_type=\"widget\" data-widget_type=\"spacer.default\">\n\t\t\t\t<div class=\"elementor-widget-container\">\n\t\t\t\t\t\t\t<div class=\"elementor-spacer\">\n\t\t\t<div class=\"elementor-spacer-inner\"><\/div>\n\t\t<\/div>\n\t\t\t\t\t\t<\/div>\n\t\t\t\t<\/div>\n\t\t\t\t\t<\/div>\n\t\t\t\t<\/div>\n\t\t<div class=\"has_eae_slider elementor-element elementor-element-be65f33 e-flex e-con-boxed e-con e-parent\" data-eae-slider=\"3643\" data-id=\"be65f33\" data-element_type=\"container\">\n\t\t\t\t\t<div class=\"e-con-inner\">\n\t\t<div class=\"has_eae_slider elementor-element elementor-element-2326084 e-con-full e-flex e-con e-child\" data-eae-slider=\"6514\" data-id=\"2326084\" data-element_type=\"container\">\n\t\t\t\t<div class=\"elementor-element elementor-element-0e37c43 elementor-widget elementor-widget-heading\" data-id=\"0e37c43\" data-element_type=\"widget\" data-widget_type=\"heading.default\">\n\t\t\t\t<div class=\"elementor-widget-container\">\n\t\t\t\t\t<h2 class=\"elementor-heading-title elementor-size-default\">SALMOSS HAPS-COL<\/h2>\t\t\t\t<\/div>\n\t\t\t\t<\/div>\n\t\t\t\t<div class=\"elementor-element elementor-element-084dd14 elementor-widget elementor-widget-text-editor\" data-id=\"084dd14\" data-element_type=\"widget\" data-widget_type=\"text-editor.default\">\n\t\t\t\t<div class=\"elementor-widget-container\">\n\t\t\t\t\t\t\t\t\t<p class=\"p1\">Nuestro biomaterial de segunda generaci\u00f3n, <b>Salmoss HAPS-COL<\/b>, se basa en las propiedades osteoconductivas de nuestro producto original HAPS al incorporar col\u00e1geno tipo I a la hidroxiapatita derivada del salm\u00f3n. <br \/><br \/>Este compuesto innovador refleja la composici\u00f3n natural del hueso humano (70% hidroxiapatita, 30% col\u00e1geno), ofreciendo un manejo y adaptabilidad mejorados durante los procedimientos cl\u00ednicos. Su consistencia ideal se puede lograr f\u00e1cilmente con soluci\u00f3n salina\u2014sin necesidad de centrifugaci\u00f3n de sangre o intervenciones intravenosas\u2014lo que lo convierte en una soluci\u00f3n lista para usar y amigable para el paciente en la regeneraci\u00f3n \u00f3sea.<\/p>\t\t\t\t\t\t\t\t<\/div>\n\t\t\t\t<\/div>\n\t\t\t\t<div class=\"elementor-element elementor-element-cfb4bfd elementor-arrows-position-inside elementor-widget elementor-widget-image-carousel\" data-id=\"cfb4bfd\" data-element_type=\"widget\" data-settings=\"{&quot;slides_to_show&quot;:&quot;1&quot;,&quot;navigation&quot;:&quot;arrows&quot;,&quot;autoplay&quot;:&quot;yes&quot;,&quot;pause_on_hover&quot;:&quot;yes&quot;,&quot;pause_on_interaction&quot;:&quot;yes&quot;,&quot;autoplay_speed&quot;:5000,&quot;infinite&quot;:&quot;yes&quot;,&quot;effect&quot;:&quot;slide&quot;,&quot;speed&quot;:500}\" data-widget_type=\"image-carousel.default\">\n\t\t\t\t<div class=\"elementor-widget-container\">\n\t\t\t\t\t\t\t<div class=\"elementor-image-carousel-wrapper swiper\" role=\"region\" aria-roledescription=\"carousel\" aria-label=\"Image Carousel\" dir=\"ltr\">\n\t\t\t<div class=\"elementor-image-carousel swiper-wrapper\" aria-live=\"off\">\n\t\t\t\t\t\t\t\t<div class=\"swiper-slide\" role=\"group\" aria-roledescription=\"slide\" aria-label=\"1 of 4\"><figure class=\"swiper-slide-inner\"><img decoding=\"async\" class=\"swiper-slide-image\" src=\"https:\/\/www.salmoss.com\/wp-content\/uploads\/2025\/06\/consistencia4.jpg\" alt=\"consistencia4\" \/><\/figure><\/div><div class=\"swiper-slide\" role=\"group\" aria-roledescription=\"slide\" aria-label=\"2 of 4\"><figure class=\"swiper-slide-inner\"><img decoding=\"async\" class=\"swiper-slide-image\" src=\"https:\/\/www.salmoss.com\/wp-content\/uploads\/2025\/06\/consistencia3.jpg\" alt=\"consistencia3\" \/><\/figure><\/div><div class=\"swiper-slide\" role=\"group\" aria-roledescription=\"slide\" aria-label=\"3 of 4\"><figure class=\"swiper-slide-inner\"><img decoding=\"async\" class=\"swiper-slide-image\" src=\"https:\/\/www.salmoss.com\/wp-content\/uploads\/2025\/06\/HAPS-COL1000.jpg\" alt=\"HAPS-COL1000\" \/><\/figure><\/div><div class=\"swiper-slide\" role=\"group\" aria-roledescription=\"slide\" aria-label=\"4 of 4\"><figure class=\"swiper-slide-inner\"><img decoding=\"async\" class=\"swiper-slide-image\" src=\"https:\/\/www.salmoss.com\/wp-content\/uploads\/2025\/06\/consistencia5.jpg\" alt=\"consistencia5\" \/><\/figure><\/div>\t\t\t<\/div>\n\t\t\t\t\t\t\t\t\t\t\t\t<div class=\"elementor-swiper-button elementor-swiper-button-prev\" role=\"button\" tabindex=\"0\">\n\t\t\t\t\t\t<svg aria-hidden=\"true\" class=\"e-font-icon-svg e-eicon-chevron-left\" viewbox=\"0 0 1000 1000\" xmlns=\"http:\/\/www.w3.org\/2000\/svg\"><path d=\"M646 125C629 125 613 133 604 142L308 442C296 454 292 471 292 487 292 504 296 521 308 533L604 854C617 867 629 875 646 875 663 875 679 871 692 858 704 846 713 829 713 812 713 796 708 779 692 767L438 487 692 225C700 217 708 204 708 187 708 171 704 154 692 142 675 129 663 125 646 125Z\"><\/path><\/svg>\t\t\t\t\t<\/div>\n\t\t\t\t\t<div class=\"elementor-swiper-button elementor-swiper-button-next\" role=\"button\" tabindex=\"0\">\n\t\t\t\t\t\t<svg aria-hidden=\"true\" class=\"e-font-icon-svg e-eicon-chevron-right\" viewbox=\"0 0 1000 1000\" xmlns=\"http:\/\/www.w3.org\/2000\/svg\"><path d=\"M696 533C708 521 713 504 713 487 713 471 708 454 696 446L400 146C388 133 375 125 354 125 338 125 325 129 313 142 300 154 292 171 292 187 292 204 296 221 308 233L563 492 304 771C292 783 288 800 288 817 288 833 296 850 308 863 321 871 338 875 354 875 371 875 388 867 400 854L696 533Z\"><\/path><\/svg>\t\t\t\t\t<\/div>\n\t\t\t\t\n\t\t\t\t\t\t\t\t\t<\/div>\n\t\t\t\t\t\t<\/div>\n\t\t\t\t<\/div>\n\t\t\t\t<\/div>\n\t\t<div class=\"has_eae_slider elementor-element elementor-element-db67111 e-con-full e-flex e-con e-child\" data-eae-slider=\"7534\" data-id=\"db67111\" data-element_type=\"container\">\n\t\t\t\t<div class=\"elementor-element elementor-element-2f1fefc elementor-align-center bdt-navigation-type-arrows elementor-widget elementor-widget-bdt-slider\" data-id=\"2f1fefc\" data-element_type=\"widget\" data-widget_type=\"bdt-slider.default\">\n\t\t\t\t<div class=\"elementor-widget-container\">\n\t\t\t\t\t\t\t<div id=\"bdt-slider-2f1fefc\" class=\"bdt-slider bdt-arrows-align-center\" data-settings=\"{&quot;autoplay&quot;:{&quot;delay&quot;:5000},&quot;loop&quot;:true,&quot;speed&quot;:500,&quot;effect&quot;:&quot;slide&quot;,&quot;fadeEffect&quot;:{&quot;crossFade&quot;:true},&quot;navigation&quot;:{&quot;nextEl&quot;:&quot;#bdt-slider-2f1fefc .bdt-navigation-next&quot;,&quot;prevEl&quot;:&quot;#bdt-slider-2f1fefc .bdt-navigation-prev&quot;},&quot;pagination&quot;:{&quot;el&quot;:&quot;#bdt-slider-2f1fefc .swiper-pagination&quot;,&quot;type&quot;:&quot;&quot;,&quot;clickable&quot;:&quot;true&quot;,&quot;dynamicBullets&quot;:false},&quot;scrollbar&quot;:{&quot;el&quot;:&quot;#bdt-slider-2f1fefc .swiper-scrollbar&quot;,&quot;hide&quot;:&quot;true&quot;}}\">\n\t\t\t<div class=\"swiper-carousel swiper\" role=\"region\" aria-roledescription=\"carousel\" aria-label=\"Slider\" dir=\"ltr\">\n\t\t\t\t\t\t<div class=\"swiper-wrapper\">\n\t\t\t\t\t<div class=\"bdt-slide-item swiper-slide bdt-slide-effect-left\">\n\n\t\t\t\t\n\t\t\t\t\t\t\t\t\t\t\t<div class=\"bdt-slider-image-wrapper\">\n\t\t\t\t\t\t\t<img fetchpriority=\"high\" decoding=\"async\" width=\"1920\" height=\"580\" src=\"https:\/\/www.salmoss.com\/wp-content\/uploads\/2024\/01\/prod1000.jpg\" class=\"bdt-cover\" alt=\"Properties\" data-bdt-cover=\"1\" srcset=\"https:\/\/www.salmoss.com\/wp-content\/uploads\/2024\/01\/prod1000.jpg 1920w, https:\/\/www.salmoss.com\/wp-content\/uploads\/2024\/01\/prod1000-300x91.jpg 300w, https:\/\/www.salmoss.com\/wp-content\/uploads\/2024\/01\/prod1000-1024x309.jpg 1024w, https:\/\/www.salmoss.com\/wp-content\/uploads\/2024\/01\/prod1000-768x232.jpg 768w, https:\/\/www.salmoss.com\/wp-content\/uploads\/2024\/01\/prod1000-1536x464.jpg 1536w\" sizes=\"(max-width: 1920px) 100vw, 1920px\" \/>\t\t\t\t\t\t<\/div>\n\t\t\t\t\t\n\t\t\t\t\t<div class=\"bdt-slide-desc bdt-position-large bdt-position-center bdt-position-z-index\">\n\n\t\t\t\t\t\t\t\t\t\t\t\t\t<h1 class=\"bdt-slide-title bdt-clearfix\">\n\t\t\t\t\t\t\t\tPropiedades\t\t\t\t\t\t\t<\/h1>\n\t\t\t\t\t\t\n\t\t\t\t\t\t\t\t\t\t\t\t\t<div class=\"bdt-slide-text\">\n\t\t\t\t\t\t\t\t<p class=\"p1\">Explore las propiedades innovadoras de SALMOSS HAPS, un xenoinjerto no derivado de mam\u00edferos que supera las alternativas actuales, ofreciendo resultados osteoconductores y osteog\u00e9nicos excepcionales en diversos escenarios cl\u00ednicos para la odontolog\u00eda y la medicina.<\/p>\t\t\t\t\t\t\t<\/div>\n\t\t\t\t\t\t\n\t\t\t\t\t\t\t\t\t\t\t<\/div>\n\n\t\t\t\t\n\t\t\t<\/div>\n\t\t\t\t\t\t<div class=\"bdt-slide-item swiper-slide bdt-slide-effect-left\">\n\n\t\t\t\t\n\t\t\t\t\t\t\t\t\t\t\t<div class=\"bdt-slider-image-wrapper\">\n\t\t\t\t\t\t\t<img decoding=\"async\" width=\"1920\" height=\"1080\" src=\"https:\/\/www.salmoss.com\/wp-content\/uploads\/2023\/11\/home28.jpg\" class=\"bdt-cover\" alt=\"Benefits\" data-bdt-cover=\"1\" srcset=\"https:\/\/www.salmoss.com\/wp-content\/uploads\/2023\/11\/home28.jpg 1920w, https:\/\/www.salmoss.com\/wp-content\/uploads\/2023\/11\/home28-300x169.jpg 300w, https:\/\/www.salmoss.com\/wp-content\/uploads\/2023\/11\/home28-1024x576.jpg 1024w, https:\/\/www.salmoss.com\/wp-content\/uploads\/2023\/11\/home28-768x432.jpg 768w, https:\/\/www.salmoss.com\/wp-content\/uploads\/2023\/11\/home28-1536x864.jpg 1536w\" sizes=\"(max-width: 1920px) 100vw, 1920px\" \/>\t\t\t\t\t\t<\/div>\n\t\t\t\t\t\n\t\t\t\t\t<div class=\"bdt-slide-desc bdt-position-large bdt-position-center bdt-position-z-index\">\n\n\t\t\t\t\t\t\t\t\t\t\t\t\t<h1 class=\"bdt-slide-title bdt-clearfix\">\n\t\t\t\t\t\t\t\tBeneficios\t\t\t\t\t\t\t<\/h1>\n\t\t\t\t\t\t\n\t\t\t\t\t\t\t\t\t\t\t\t\t<div class=\"bdt-slide-text\">\n\t\t\t\t\t\t\t\t<p class=\"p1\">SALMOSS BIOTECH revoluciona el injerto \u00f3seo, atendiendo a las comunidades kosher y halal sin restricciones culturales o religiosas. Mitiga los riesgos de los priones bovinos y elimina los problemas de donaci\u00f3n de \u00f3rganos humanos. Nuestra producci\u00f3n eficiente se adhiere a los est\u00e1ndares ESG, promoviendo una econom\u00eda circular, el empoderamiento de la comunidad y la protecci\u00f3n del medio ambiente.<\/p>\t\t\t\t\t\t\t<\/div>\n\t\t\t\t\t\t\n\t\t\t\t\t\t\t\t\t\t\t<\/div>\n\n\t\t\t\t\n\t\t\t<\/div>\n\t\t\t\t\t\t<div class=\"bdt-slide-item swiper-slide bdt-slide-effect-left\">\n\n\t\t\t\t\n\t\t\t\t\t\t\t\t\t\t\t<div class=\"bdt-slider-image-wrapper\">\n\t\t\t\t\t\t\t<img decoding=\"async\" width=\"1920\" height=\"580\" src=\"https:\/\/www.salmoss.com\/wp-content\/uploads\/2023\/11\/found.jpg\" class=\"bdt-cover\" alt=\"Fields of Application\" data-bdt-cover=\"1\" srcset=\"https:\/\/www.salmoss.com\/wp-content\/uploads\/2023\/11\/found.jpg 1920w, https:\/\/www.salmoss.com\/wp-content\/uploads\/2023\/11\/found-300x91.jpg 300w, https:\/\/www.salmoss.com\/wp-content\/uploads\/2023\/11\/found-1024x309.jpg 1024w, https:\/\/www.salmoss.com\/wp-content\/uploads\/2023\/11\/found-768x232.jpg 768w, https:\/\/www.salmoss.com\/wp-content\/uploads\/2023\/11\/found-1536x464.jpg 1536w\" sizes=\"(max-width: 1920px) 100vw, 1920px\" \/>\t\t\t\t\t\t<\/div>\n\t\t\t\t\t\n\t\t\t\t\t<div class=\"bdt-slide-desc bdt-position-large bdt-position-center bdt-position-z-index\">\n\n\t\t\t\t\t\t\t\t\t\t\t\t\t<h1 class=\"bdt-slide-title bdt-clearfix\">\n\t\t\t\t\t\t\t\tCampos de Aplicaci\u00f3n\t\t\t\t\t\t\t<\/h1>\n\t\t\t\t\t\t\n\t\t\t\t\t\t\t\t\t\t\t\t\t<div class=\"bdt-slide-text\">\n\t\t\t\t\t\t\t\t<p class=\"p1\">SALMOSS HAPS, un material osteoconductor y osteog\u00e9nico de primer nivel, es ideal para diversos procedimientos de reconstrucci\u00f3n \u00f3sea, desde cirug\u00edas que salvan vidas hasta intervenciones dentales de rutina. Sus aplicaciones abarcan la reconstrucci\u00f3n dentoalveolar, la formaci\u00f3n \u00f3sea inducida por traumatismos y la recuperaci\u00f3n de tejido \u00f3seo en oncolog\u00eda, ofreciendo versatilidad en todas las disciplinas m\u00e9dicas.<\/p>\t\t\t\t\t\t\t<\/div>\n\t\t\t\t\t\t\n\t\t\t\t\t\t\t\t\t\t\t<\/div>\n\n\t\t\t\t\n\t\t\t<\/div>\n\t\t\t\t\t<\/div>\n\t\t\t\t<\/div>\n\n\t\t\t\t\t<div class=\"bdt-position-z-index bdt-position-center bdt-visible@m\">\n\t\t\t\t<div class=\"bdt-arrows-container bdt-slidenav-container\">\n\t\t\t\t\t<a href=\"\" class=\"bdt-navigation-prev bdt-slidenav-previous bdt-icon bdt-slidenav\">\n\t\t\t\t\t\t<i class=\"ep-icon-arrow-left-0\" aria-hidden=\"true\"><\/i>\n\t\t\t\t\t<\/a>\n\t\t\t\t\t<a href=\"\" class=\"bdt-navigation-next bdt-slidenav-next bdt-icon bdt-slidenav\">\n\t\t\t\t\t\t<i class=\"ep-icon-arrow-right-0\" aria-hidden=\"true\"><\/i>\n\t\t\t\t\t<\/a>\n\t\t\t\t<\/div>\n\t\t\t<\/div>\n\t\t\t\t<\/div>\n\t\t\t\t\t\t<\/div>\n\t\t\t\t<\/div>\n\t\t\t\t<\/div>\n\t\t\t\t\t<\/div>\n\t\t\t\t<\/div>\n\t\t<div class=\"has_eae_slider elementor-element elementor-element-35fd14d e-flex e-con-boxed e-con e-parent\" data-eae-slider=\"79199\" data-id=\"35fd14d\" data-element_type=\"container\">\n\t\t\t\t\t<div class=\"e-con-inner\">\n\t\t<div class=\"has_eae_slider elementor-element elementor-element-325605b e-con-full e-flex e-con e-child\" data-eae-slider=\"35966\" data-id=\"325605b\" data-element_type=\"container\">\n\t\t\t\t<div class=\"elementor-element elementor-element-dd30583 elementor-widget__width-initial elementor-widget elementor-widget-video\" data-id=\"dd30583\" data-element_type=\"widget\" data-settings=\"{&quot;video_type&quot;:&quot;vimeo&quot;,&quot;loop&quot;:&quot;yes&quot;}\" data-widget_type=\"video.default\">\n\t\t\t\t<div class=\"elementor-widget-container\">\n\t\t\t\t\t\t\t<div class=\"elementor-wrapper elementor-open-inline\">\n\t\t\t<iframe class=\"elementor-video-iframe\" allowfullscreen allow=\"clipboard-write\" title=\"vimeo Video Player\" src=\"https:\/\/player.vimeo.com\/video\/1104598431?color&amp;autopause=0&amp;loop=1&amp;muted=0&amp;title=0&amp;portrait=1&amp;byline=1#t=\"><\/iframe>\t\t<\/div>\n\t\t\t\t\t\t<\/div>\n\t\t\t\t<\/div>\n\t\t\t\t<\/div>\n\t\t\t\t<div class=\"elementor-element elementor-element-8274403 elementor-widget elementor-widget-text-editor\" data-id=\"8274403\" data-element_type=\"widget\" data-widget_type=\"text-editor.default\">\n\t\t\t\t<div class=\"elementor-widget-container\">\n\t\t\t\t\t\t\t\t\t<p>Lorem ipsum dolor sit amet, consectetur adipiscing elit. Ut elit tellus, luctus nec ullamcorper mattis, pulvinar dapibus leo.<\/p>\t\t\t\t\t\t\t\t<\/div>\n\t\t\t\t<\/div>\n\t\t\t\t\t<\/div>\n\t\t\t\t<\/div>\n\t\t\t\t<section class=\"has_eae_slider elementor-section elementor-top-section elementor-element elementor-element-19f4f46 elementor-section-boxed elementor-section-height-default elementor-section-height-default\" data-eae-slider=\"93626\" data-id=\"19f4f46\" data-element_type=\"section\" data-settings=\"{&quot;background_background&quot;:&quot;classic&quot;}\">\n\t\t\t\t\t\t\t<div class=\"elementor-background-overlay\"><\/div>\n\t\t\t\t\t\t\t<div class=\"elementor-container elementor-column-gap-wide\">\n\t\t\t\t\t<div class=\"has_eae_slider elementor-column elementor-col-33 elementor-top-column elementor-element elementor-element-3ffa6ff\" data-eae-slider=\"77922\" data-id=\"3ffa6ff\" data-element_type=\"column\">\n\t\t\t<div class=\"elementor-widget-wrap elementor-element-populated\">\n\t\t\t\t\t\t<div class=\"elementor-element elementor-element-0c48a25 elementor-widget elementor-widget-heading\" data-id=\"0c48a25\" data-element_type=\"widget\" data-widget_type=\"heading.default\">\n\t\t\t\t<div class=\"elementor-widget-container\">\n\t\t\t\t\t<h2 class=\"elementor-heading-title elementor-size-default\">SALMOSS Biotech<\/h2>\t\t\t\t<\/div>\n\t\t\t\t<\/div>\n\t\t\t\t<div class=\"elementor-element elementor-element-9f52755 elementor-widget elementor-widget-text-editor\" data-id=\"9f52755\" data-element_type=\"widget\" data-widget_type=\"text-editor.default\">\n\t\t\t\t<div class=\"elementor-widget-container\">\n\t\t\t\t\t\t\t\t\t<p>Aprovechamos el poder de la ciencia para transformar ideas en soluciones, creando un impacto positivo en la salud mundial y contribuyendo a un futuro sostenible.<\/p>\t\t\t\t\t\t\t\t<\/div>\n\t\t\t\t<\/div>\n\t\t\t\t<div class=\"elementor-element elementor-element-9cdcf21 elementor-icon-list--layout-traditional elementor-list-item-link-full_width elementor-widget elementor-widget-icon-list\" data-id=\"9cdcf21\" data-element_type=\"widget\" data-widget_type=\"icon-list.default\">\n\t\t\t\t<div class=\"elementor-widget-container\">\n\t\t\t\t\t\t\t<ul class=\"elementor-icon-list-items\">\n\t\t\t\t\t\t\t<li class=\"elementor-icon-list-item\">\n\t\t\t\t\t\t\t\t\t\t\t<span class=\"elementor-icon-list-icon\">\n\t\t\t\t\t\t\t<svg aria-hidden=\"true\" class=\"e-font-icon-svg e-fas-envelope\" viewbox=\"0 0 512 512\" xmlns=\"http:\/\/www.w3.org\/2000\/svg\"><path d=\"M502.3 190.8c3.9-3.1 9.7-.2 9.7 4.7V400c0 26.5-21.5 48-48 48H48c-26.5 0-48-21.5-48-48V195.6c0-5 5.7-7.8 9.7-4.7 22.4 17.4 52.1 39.5 154.1 113.6 21.1 15.4 56.7 47.8 92.2 47.6 35.7.3 72-32.8 92.3-47.6 102-74.1 131.6-96.3 154-113.7zM256 320c23.2.4 56.6-29.2 73.4-41.4 132.7-96.3 142.8-104.7 173.4-128.7 5.8-4.5 9.2-11.5 9.2-18.9v-19c0-26.5-21.5-48-48-48H48C21.5 64 0 85.5 0 112v19c0 7.4 3.4 14.3 9.2 18.9 30.6 23.9 40.7 32.4 173.4 128.7 16.8 12.2 50.2 41.8 73.4 41.4z\"><\/path><\/svg>\t\t\t\t\t\t<\/span>\n\t\t\t\t\t\t\t\t\t\t<span class=\"elementor-icon-list-text\">contact@salmoss.com<\/span>\n\t\t\t\t\t\t\t\t\t<\/li>\n\t\t\t\t\t\t<\/ul>\n\t\t\t\t\t\t<\/div>\n\t\t\t\t<\/div>\n\t\t\t\t\t<\/div>\n\t\t<\/div>\n\t\t\t\t<div class=\"has_eae_slider elementor-column elementor-col-33 elementor-top-column elementor-element elementor-element-7f98bcf\" data-eae-slider=\"16250\" data-id=\"7f98bcf\" data-element_type=\"column\">\n\t\t\t<div class=\"elementor-widget-wrap elementor-element-populated\">\n\t\t\t\t\t\t<div class=\"elementor-element elementor-element-b9e868b elementor-widget elementor-widget-image\" data-id=\"b9e868b\" data-element_type=\"widget\" data-widget_type=\"image.default\">\n\t\t\t\t<div class=\"elementor-widget-container\">\n\t\t\t\t\t\t\t\t\t\t\t\t\t\t\t<img loading=\"lazy\" decoding=\"async\" width=\"300\" height=\"239\" src=\"https:\/\/www.salmoss.com\/wp-content\/uploads\/2024\/01\/Logo-Salmoss-isotipo-300x239.png\" class=\"attachment-medium size-medium wp-image-2809\" alt=\"\" srcset=\"https:\/\/www.salmoss.com\/wp-content\/uploads\/2024\/01\/Logo-Salmoss-isotipo-300x239.png 300w, https:\/\/www.salmoss.com\/wp-content\/uploads\/2024\/01\/Logo-Salmoss-isotipo-768x611.png 768w, https:\/\/www.salmoss.com\/wp-content\/uploads\/2024\/01\/Logo-Salmoss-isotipo.png 968w\" sizes=\"(max-width: 300px) 100vw, 300px\" \/>\t\t\t\t\t\t\t\t\t\t\t\t\t\t\t<\/div>\n\t\t\t\t<\/div>\n\t\t\t\t\t<\/div>\n\t\t<\/div>\n\t\t\t\t<div class=\"has_eae_slider elementor-column elementor-col-33 elementor-top-column elementor-element elementor-element-52a8012\" data-eae-slider=\"76675\" data-id=\"52a8012\" data-element_type=\"column\">\n\t\t\t<div class=\"elementor-widget-wrap elementor-element-populated\">\n\t\t\t\t\t\t<div class=\"elementor-element elementor-element-2ab5f78 elementor-widget elementor-widget-heading\" data-id=\"2ab5f78\" data-element_type=\"widget\" data-widget_type=\"heading.default\">\n\t\t\t\t<div class=\"elementor-widget-container\">\n\t\t\t\t\t<h2 class=\"elementor-heading-title elementor-size-default\">Links Directos<\/h2>\t\t\t\t<\/div>\n\t\t\t\t<\/div>\n\t\t\t\t<div class=\"elementor-element elementor-element-79d9020 elementor-widget elementor-widget-heading\" data-id=\"79d9020\" data-element_type=\"widget\" data-widget_type=\"heading.default\">\n\t\t\t\t<div class=\"elementor-widget-container\">\n\t\t\t\t\t<p class=\"elementor-heading-title elementor-size-default\"><a href=\"https:\/\/www.salmoss.com\/about\/\">Nosotros<\/a><\/p>\t\t\t\t<\/div>\n\t\t\t\t<\/div>\n\t\t\t\t<div class=\"elementor-element elementor-element-eb35957 elementor-widget elementor-widget-heading\" data-id=\"eb35957\" data-element_type=\"widget\" data-widget_type=\"heading.default\">\n\t\t\t\t<div class=\"elementor-widget-container\">\n\t\t\t\t\t<p class=\"elementor-heading-title elementor-size-default\"><a href=\"https:\/\/www.salmoss.com\/services\/\">Desarrollo de Productos<\/a><\/p>\t\t\t\t<\/div>\n\t\t\t\t<\/div>\n\t\t\t\t<div class=\"elementor-element elementor-element-d3ada28 elementor-widget elementor-widget-heading\" data-id=\"d3ada28\" data-element_type=\"widget\" data-widget_type=\"heading.default\">\n\t\t\t\t<div class=\"elementor-widget-container\">\n\t\t\t\t\t<p class=\"elementor-heading-title elementor-size-default\"><a href=\"https:\/\/www.salmoss.com\/team\/\">Fundaci\u00f3n<\/a><\/p>\t\t\t\t<\/div>\n\t\t\t\t<\/div>\n\t\t\t\t<div class=\"elementor-element elementor-element-7ee6088 elementor-widget elementor-widget-heading\" data-id=\"7ee6088\" data-element_type=\"widget\" data-widget_type=\"heading.default\">\n\t\t\t\t<div class=\"elementor-widget-container\">\n\t\t\t\t\t<p class=\"elementor-heading-title elementor-size-default\"><a href=\"https:\/\/www.salmoss.com\/contact\/\">Cont\u00e1ctenos<\/a><\/p>\t\t\t\t<\/div>\n\t\t\t\t<\/div>\n\t\t\t\t\t<\/div>\n\t\t<\/div>\n\t\t\t\t\t<\/div>\n\t\t<\/section>\n\t\t\t\t<\/div>","protected":false},"excerpt":{"rendered":"<p>Product development SALMOSS HAPS-COL Our second-generation biomaterial, Salmoss HAPS-COL, builds on the osteoconductive properties of our original HAPS product by incorporating Type I collagen to the salmon-derived hydroxyapatite. This innovative composite mirrors the natural composition of human bone (70% hydroxyapatite, 30% collagen), offering enhanced handling and adaptability during clinical procedures. Its ideal consistency can be&#8230;<\/p>","protected":false},"author":1,"featured_media":0,"parent":0,"menu_order":0,"comment_status":"closed","ping_status":"closed","template":"elementor_header_footer","meta":{"_monsterinsights_skip_tracking":false,"_monsterinsights_sitenote_active":false,"_monsterinsights_sitenote_note":"","_monsterinsights_sitenote_category":0,"_kad_post_transparent":"","_kad_post_title":"hide","_kad_post_layout":"fullwidth","_kad_post_sidebar_id":"","_kad_post_content_style":"unboxed","_kad_post_vertical_padding":"hide","_kad_post_feature":"hide","_kad_post_feature_position":"","_kad_post_header":false,"_kad_post_footer":false,"footnotes":""},"class_list":["post-3557","page","type-page","status-publish","hentry"],"aioseo_notices":[],"_links":{"self":[{"href":"https:\/\/www.salmoss.com\/es\/wp-json\/wp\/v2\/pages\/3557","targetHints":{"allow":["GET"]}}],"collection":[{"href":"https:\/\/www.salmoss.com\/es\/wp-json\/wp\/v2\/pages"}],"about":[{"href":"https:\/\/www.salmoss.com\/es\/wp-json\/wp\/v2\/types\/page"}],"author":[{"embeddable":true,"href":"https:\/\/www.salmoss.com\/es\/wp-json\/wp\/v2\/users\/1"}],"replies":[{"embeddable":true,"href":"https:\/\/www.salmoss.com\/es\/wp-json\/wp\/v2\/comments?post=3557"}],"version-history":[{"count":10,"href":"https:\/\/www.salmoss.com\/es\/wp-json\/wp\/v2\/pages\/3557\/revisions"}],"predecessor-version":[{"id":3905,"href":"https:\/\/www.salmoss.com\/es\/wp-json\/wp\/v2\/pages\/3557\/revisions\/3905"}],"wp:attachment":[{"href":"https:\/\/www.salmoss.com\/es\/wp-json\/wp\/v2\/media?parent=3557"}],"curies":[{"name":"wp","href":"https:\/\/api.w.org\/{rel}","templated":true}]}}